{"id":9926,"date":"2021-03-09T15:37:15","date_gmt":"2021-03-09T14:37:15","guid":{"rendered":"https:\/\/www.black-road.fr\/fr\/?page_id=9926"},"modified":"2023-02-28T13:15:57","modified_gmt":"2023-02-28T12:15:57","slug":"mentions-legales","status":"publish","type":"page","link":"https:\/\/www.black-road.fr\/fr\/mentions-legales\/","title":{"rendered":"Mentions l\u00e9gales"},"content":{"rendered":"\t\t<div data-elementor-type=\"wp-page\" data-elementor-id=\"9926\" class=\"elementor elementor-9926\">\n\t\t\t\t\t\t<section class=\"elementor-section elementor-top-section elementor-element elementor-element-43c7255a elementor-section-boxed elementor-section-height-default elementor-section-height-default\" data-id=\"43c7255a\" data-element_type=\"section\" data-e-type=\"section\">\n\t\t\t\t\t\t<div class=\"elementor-container elementor-column-gap-default\">\n\t\t\t\t\t<div class=\"elementor-column elementor-col-100 elementor-top-column elementor-element elementor-element-59cc930f\" data-id=\"59cc930f\" data-element_type=\"column\" data-e-type=\"column\">\n\t\t\t<div class=\"elementor-widget-wrap elementor-element-populated\">\n\t\t\t\t\t\t<div class=\"elementor-element elementor-element-a49b8df elementor-widget elementor-widget-heading\" data-id=\"a49b8df\" data-element_type=\"widget\" data-e-type=\"widget\" data-widget_type=\"heading.default\">\n\t\t\t\t<div class=\"elementor-widget-container\">\n\t\t\t\t\t<h2 class=\"elementor-heading-title elementor-size-default\">Mentions l\u00e9gales <\/h2>\t\t\t\t<\/div>\n\t\t\t\t<\/div>\n\t\t\t\t\t<\/div>\n\t\t<\/div>\n\t\t\t\t\t<\/div>\n\t\t<\/section>\n\t\t\t\t<section class=\"elementor-section elementor-top-section elementor-element elementor-element-f7142ec elementor-section-full_width elementor-section-height-default elementor-section-height-default\" data-id=\"f7142ec\" data-element_type=\"section\" data-e-type=\"section\">\n\t\t\t\t\t\t<div class=\"elementor-container elementor-column-gap-default\">\n\t\t\t\t\t<div class=\"elementor-column elementor-col-100 elementor-top-column elementor-element elementor-element-9d07ba9\" data-id=\"9d07ba9\" data-element_type=\"column\" data-e-type=\"column\">\n\t\t\t<div class=\"elementor-widget-wrap elementor-element-populated\">\n\t\t\t\t\t\t<div class=\"elementor-element elementor-element-13d94d6 elementor-widget elementor-widget-text-editor\" data-id=\"13d94d6\" data-element_type=\"widget\" data-e-type=\"widget\" data-widget_type=\"text-editor.default\">\n\t\t\t\t<div class=\"elementor-widget-container\">\n\t\t\t\t\t\t\t\t\t<p><strong>D\u00e9nomination sociale :\u00a0<\/strong><\/p><p>BLACK ROAD LIMO<\/p><p><strong>Forme juridique :<\/strong>\u00a0<\/p><p>Soci\u00e9t\u00e9 par action simplifi\u00e9e<\/p><p><strong>Adresse :<\/strong><\/p><p>151 rue du premier mai 92000 Nanterre<br \/><br \/><strong>Licence REVTC : <br \/><\/strong><\/p><p>EVTC 092200568<\/p><div class=\"form-group\"><\/div><p><strong>Num\u00e9ro :<\/strong><\/p><p>+ (33) 1 79 73 79 77<\/p><p><strong>E-mail :<\/strong>\u00a0<\/p><p>contact@black-road.fr<\/p><p><strong>Capital social :\u00a0<\/strong><\/p><p>2 000\u20ac<\/p><p><strong>Nom du directeur :\u00a0<\/strong><\/p><p>Kamel Benmissoum<\/p><p><strong>Num\u00e9ro RCS :<\/strong><\/p><p><span>\u00a0<\/span>RCS NANTERRE B 851\u00a0544\u00a0361<\/p><p><strong>Num\u00e9ro TVA :<\/strong><\/p><p>FR64851544361<\/p><p><strong>H\u00e9bergeur :\u00a0<\/strong><\/p><p>OVH, 2 rue Kellermann 59100 Roubaix<\/p>\t\t\t\t\t\t\t\t<\/div>\n\t\t\t\t<\/div>\n\t\t\t\t\t<\/div>\n\t\t<\/div>\n\t\t\t\t\t<\/div>\n\t\t<\/section>\n\t\t\t\t<\/div>\n\t\t","protected":false},"excerpt":{"rendered":"<p>Mentions l\u00e9gales D\u00e9nomination sociale :\u00a0 BLACK ROAD LIMO Forme juridique :\u00a0 Soci\u00e9t\u00e9 par action simplifi\u00e9e Adresse : 151 rue du premier mai 92000 Nanterre Licence REVTC : EVTC 092200568 Num\u00e9ro : + (33) 1 79 73 79 77 E-mail :\u00a0 contact@black-road.fr Capital social :\u00a0 2 000\u20ac Nom du directeur :\u00a0 [&hellip;]<\/p>\n","protected":false},"author":1,"featured_media":0,"parent":0,"menu_order":0,"comment_status":"closed","ping_status":"closed","template":"page-templates\/template-fullwidth.php","meta":{"_monsterinsights_skip_tracking":false,"_monsterinsights_sitenote_active":false,"_monsterinsights_sitenote_note":"","_monsterinsights_sitenote_category":0,"footnotes":""},"class_list":["post-9926","page","type-page","status-publish","hentry"],"yoast_head":"<!-- This site is optimized with the Yoast SEO plugin v27.4 - https:\/\/yoast.com\/product\/yoast-seo-wordpress\/ -->\n<title>Mentions l\u00e9gales - Black Road Limo<\/title>\n<meta name=\"robots\" content=\"index, follow, max-snippet:-1, max-image-preview:large, max-video-preview:-1\" \/>\n<link rel=\"canonical\" href=\"https:\/\/www.black-road.fr\/fr\/mentions-legales\/\" \/>\n<meta property=\"og:locale\" content=\"fr_FR\" \/>\n<meta property=\"og:type\" content=\"article\" \/>\n<meta property=\"og:title\" content=\"Mentions l\u00e9gales - Black Road Limo\" \/>\n<meta property=\"og:description\" content=\"Mentions l\u00e9gales D\u00e9nomination sociale :\u00a0 BLACK ROAD LIMO Forme juridique :\u00a0 Soci\u00e9t\u00e9 par action simplifi\u00e9e Adresse : 151 rue du premier mai 92000 Nanterre Licence REVTC : EVTC 092200568 Num\u00e9ro : + (33) 1 79 73 79 77 E-mail :\u00a0 contact@black-road.fr Capital social :\u00a0 2 000\u20ac Nom du directeur :\u00a0 [&hellip;]\" \/>\n<meta property=\"og:url\" content=\"https:\/\/www.black-road.fr\/fr\/mentions-legales\/\" \/>\n<meta property=\"og:site_name\" content=\"Black Road Limo\" \/>\n<meta property=\"article:modified_time\" content=\"2023-02-28T12:15:57+00:00\" \/>\n<meta name=\"twitter:card\" content=\"summary_large_image\" \/>\n<meta name=\"twitter:label1\" content=\"Dur\u00e9e de lecture estim\u00e9e\" \/>\n\t<meta name=\"twitter:data1\" content=\"1 minute\" \/>\n<script type=\"application\/ld+json\" class=\"yoast-schema-graph\">{\"@context\":\"https:\\\/\\\/schema.org\",\"@graph\":[{\"@type\":\"WebPage\",\"@id\":\"https:\\\/\\\/www.black-road.fr\\\/fr\\\/mentions-legales\\\/\",\"url\":\"https:\\\/\\\/www.black-road.fr\\\/fr\\\/mentions-legales\\\/\",\"name\":\"Mentions l\u00e9gales - Black Road Limo\",\"isPartOf\":{\"@id\":\"https:\\\/\\\/www.black-road.fr\\\/fr\\\/#website\"},\"datePublished\":\"2021-03-09T14:37:15+00:00\",\"dateModified\":\"2023-02-28T12:15:57+00:00\",\"breadcrumb\":{\"@id\":\"https:\\\/\\\/www.black-road.fr\\\/fr\\\/mentions-legales\\\/#breadcrumb\"},\"inLanguage\":\"fr-FR\",\"potentialAction\":[{\"@type\":\"ReadAction\",\"target\":[\"https:\\\/\\\/www.black-road.fr\\\/fr\\\/mentions-legales\\\/\"]}]},{\"@type\":\"BreadcrumbList\",\"@id\":\"https:\\\/\\\/www.black-road.fr\\\/fr\\\/mentions-legales\\\/#breadcrumb\",\"itemListElement\":[{\"@type\":\"ListItem\",\"position\":1,\"name\":\"Accueil\",\"item\":\"https:\\\/\\\/www.black-road.fr\\\/fr\\\/\"},{\"@type\":\"ListItem\",\"position\":2,\"name\":\"Mentions l\u00e9gales\"}]},{\"@type\":\"WebSite\",\"@id\":\"https:\\\/\\\/www.black-road.fr\\\/fr\\\/#website\",\"url\":\"https:\\\/\\\/www.black-road.fr\\\/fr\\\/\",\"name\":\"Black Road Limo\",\"description\":\"Service de Chauffeurs Priv\u00e9s\",\"publisher\":{\"@id\":\"https:\\\/\\\/www.black-road.fr\\\/fr\\\/#organization\"},\"potentialAction\":[{\"@type\":\"SearchAction\",\"target\":{\"@type\":\"EntryPoint\",\"urlTemplate\":\"https:\\\/\\\/www.black-road.fr\\\/fr\\\/?s={search_term_string}\"},\"query-input\":{\"@type\":\"PropertyValueSpecification\",\"valueRequired\":true,\"valueName\":\"search_term_string\"}}],\"inLanguage\":\"fr-FR\"},{\"@type\":\"Organization\",\"@id\":\"https:\\\/\\\/www.black-road.fr\\\/fr\\\/#organization\",\"name\":\"Black Road Limo\",\"url\":\"https:\\\/\\\/www.black-road.fr\\\/fr\\\/\",\"logo\":{\"@type\":\"ImageObject\",\"inLanguage\":\"fr-FR\",\"@id\":\"https:\\\/\\\/www.black-road.fr\\\/fr\\\/#\\\/schema\\\/logo\\\/image\\\/\",\"url\":\"https:\\/\\/mltb0kcyusoj.i.optimole.com\\/w:auto\\/h:auto\\/q:mauto\\/ig:avif\\/https:\\/\\/www.black-road.fr\\/wp-content\\/uploads\\/2022\\/10\\/Logo-copie.png\",\"contentUrl\":\"https:\\/\\/mltb0kcyusoj.i.optimole.com\\/w:auto\\/h:auto\\/q:mauto\\/ig:avif\\/https:\\/\\/www.black-road.fr\\/wp-content\\/uploads\\/2022\\/10\\/Logo-copie.png\",\"width\":1414,\"height\":1559,\"caption\":\"Black Road Limo\"},\"image\":{\"@id\":\"https:\\\/\\\/www.black-road.fr\\\/fr\\\/#\\\/schema\\\/logo\\\/image\\\/\"}}]}<\/script>\n<!-- \/ Yoast SEO plugin. -->","yoast_head_json":{"title":"Mentions l\u00e9gales - Black Road Limo","robots":{"index":"index","follow":"follow","max-snippet":"max-snippet:-1","max-image-preview":"max-image-preview:large","max-video-preview":"max-video-preview:-1"},"canonical":"https:\/\/www.black-road.fr\/fr\/mentions-legales\/","og_locale":"fr_FR","og_type":"article","og_title":"Mentions l\u00e9gales - Black Road Limo","og_description":"Mentions l\u00e9gales D\u00e9nomination sociale :\u00a0 BLACK ROAD LIMO Forme juridique :\u00a0 Soci\u00e9t\u00e9 par action simplifi\u00e9e Adresse : 151 rue du premier mai 92000 Nanterre Licence REVTC : EVTC 092200568 Num\u00e9ro : + (33) 1 79 73 79 77 E-mail :\u00a0 contact@black-road.fr Capital social :\u00a0 2 000\u20ac Nom du directeur :\u00a0 [&hellip;]","og_url":"https:\/\/www.black-road.fr\/fr\/mentions-legales\/","og_site_name":"Black Road Limo","article_modified_time":"2023-02-28T12:15:57+00:00","twitter_card":"summary_large_image","twitter_misc":{"Dur\u00e9e de lecture estim\u00e9e":"1 minute"},"schema":{"@context":"https:\/\/schema.org","@graph":[{"@type":"WebPage","@id":"https:\/\/www.black-road.fr\/fr\/mentions-legales\/","url":"https:\/\/www.black-road.fr\/fr\/mentions-legales\/","name":"Mentions l\u00e9gales - Black Road Limo","isPartOf":{"@id":"https:\/\/www.black-road.fr\/fr\/#website"},"datePublished":"2021-03-09T14:37:15+00:00","dateModified":"2023-02-28T12:15:57+00:00","breadcrumb":{"@id":"https:\/\/www.black-road.fr\/fr\/mentions-legales\/#breadcrumb"},"inLanguage":"fr-FR","potentialAction":[{"@type":"ReadAction","target":["https:\/\/www.black-road.fr\/fr\/mentions-legales\/"]}]},{"@type":"BreadcrumbList","@id":"https:\/\/www.black-road.fr\/fr\/mentions-legales\/#breadcrumb","itemListElement":[{"@type":"ListItem","position":1,"name":"Accueil","item":"https:\/\/www.black-road.fr\/fr\/"},{"@type":"ListItem","position":2,"name":"Mentions l\u00e9gales"}]},{"@type":"WebSite","@id":"https:\/\/www.black-road.fr\/fr\/#website","url":"https:\/\/www.black-road.fr\/fr\/","name":"Black Road Limo","description":"Service de Chauffeurs Priv\u00e9s","publisher":{"@id":"https:\/\/www.black-road.fr\/fr\/#organization"},"potentialAction":[{"@type":"SearchAction","target":{"@type":"EntryPoint","urlTemplate":"https:\/\/www.black-road.fr\/fr\/?s={search_term_string}"},"query-input":{"@type":"PropertyValueSpecification","valueRequired":true,"valueName":"search_term_string"}}],"inLanguage":"fr-FR"},{"@type":"Organization","@id":"https:\/\/www.black-road.fr\/fr\/#organization","name":"Black Road Limo","url":"https:\/\/www.black-road.fr\/fr\/","logo":{"@type":"ImageObject","inLanguage":"fr-FR","@id":"https:\/\/www.black-road.fr\/fr\/#\/schema\/logo\/image\/","url":"https:\/\/mltb0kcyusoj.i.optimole.com\/w:auto\/h:auto\/q:mauto\/ig:avif\/https:\/\/www.black-road.fr\/wp-content\/uploads\/2022\/10\/Logo-copie.png","contentUrl":"https:\/\/mltb0kcyusoj.i.optimole.com\/w:auto\/h:auto\/q:mauto\/ig:avif\/https:\/\/www.black-road.fr\/wp-content\/uploads\/2022\/10\/Logo-copie.png","width":1414,"height":1559,"caption":"Black Road Limo"},"image":{"@id":"https:\/\/www.black-road.fr\/fr\/#\/schema\/logo\/image\/"}}]}},"_links":{"self":[{"href":"https:\/\/www.black-road.fr\/fr\/wp-json\/wp\/v2\/pages\/9926","targetHints":{"allow":["GET"]}}],"collection":[{"href":"https:\/\/www.black-road.fr\/fr\/wp-json\/wp\/v2\/pages"}],"about":[{"href":"https:\/\/www.black-road.fr\/fr\/wp-json\/wp\/v2\/types\/page"}],"author":[{"embeddable":true,"href":"https:\/\/www.black-road.fr\/fr\/wp-json\/wp\/v2\/users\/1"}],"replies":[{"embeddable":true,"href":"https:\/\/www.black-road.fr\/fr\/wp-json\/wp\/v2\/comments?post=9926"}],"version-history":[{"count":37,"href":"https:\/\/www.black-road.fr\/fr\/wp-json\/wp\/v2\/pages\/9926\/revisions"}],"predecessor-version":[{"id":23001,"href":"https:\/\/www.black-road.fr\/fr\/wp-json\/wp\/v2\/pages\/9926\/revisions\/23001"}],"wp:attachment":[{"href":"https:\/\/www.black-road.fr\/fr\/wp-json\/wp\/v2\/media?parent=9926"}],"curies":[{"name":"wp","href":"https:\/\/api.w.org\/{rel}","templated":true}]}}