{"id":27572,"date":"2024-10-07T10:45:48","date_gmt":"2024-10-07T08:45:48","guid":{"rendered":"https:\/\/www.black-road.fr\/fr\/?page_id=27572"},"modified":"2024-10-09T23:56:55","modified_gmt":"2024-10-09T21:56:55","slug":"black-road-limo-4","status":"publish","type":"page","link":"https:\/\/www.black-road.fr\/fr\/","title":{"rendered":"Landing page"},"content":{"rendered":"\t\t<div data-elementor-type=\"wp-page\" data-elementor-id=\"27572\" class=\"elementor elementor-27572\">\n\t\t\t\t\t\t<section class=\"elementor-section elementor-top-section elementor-element elementor-element-6a802a34 elementor-section-height-full elementor-section-stretched elementor-section-full_width elementor-section-height-default elementor-section-items-middle\" data-id=\"6a802a34\" data-element_type=\"section\" data-e-type=\"section\" data-settings=\"{&quot;stretch_section&quot;:&quot;section-stretched&quot;,&quot;background_background&quot;:&quot;video&quot;,&quot;background_video_link&quot;:&quot;https:\\\/\\\/www.black-road.fr\\\/wp-content\\\/uploads\\\/2024\\\/10\\\/black-road-limo-video-wordpress.mp4&quot;,&quot;background_play_on_mobile&quot;:&quot;yes&quot;}\">\n\t\t\t\t\t\t\t\t<div class=\"elementor-background-video-container\">\n\t\t\t\t\t\t\t\t\t\t\t\t\t<video class=\"elementor-background-video-hosted\" role=\"presentation\" autoplay muted playsinline loop><\/video>\n\t\t\t\t\t\t\t\t\t\t\t<\/div>\n\t\t\t\t\t\t\t\t\t<div class=\"elementor-background-overlay\"><\/div>\n\t\t\t\t\t\t\t<div class=\"elementor-container elementor-column-gap-wide\">\n\t\t\t\t\t<div class=\"elementor-column elementor-col-100 elementor-top-column elementor-element elementor-element-7c2b8e0e\" data-id=\"7c2b8e0e\" data-element_type=\"column\" data-e-type=\"column\">\n\t\t\t<div class=\"elementor-widget-wrap elementor-element-populated\">\n\t\t\t\t\t\t<div class=\"elementor-element elementor-element-59a6f517 elementor-widget elementor-widget-eael-creative-button\" data-id=\"59a6f517\" data-element_type=\"widget\" data-e-type=\"widget\" data-widget_type=\"eael-creative-button.default\">\n\t\t\t\t<div class=\"elementor-widget-container\">\n\t\t\t\t\t        <div class=\"eael-creative-button-wrapper\">\n\n            <a class=\"eael-creative-button eael-creative-button--default\" href=\"https:\/\/www.black-road.fr\/fr\/accueil-chauffeurs-prives\/\" data-text=\"Go!\">\n\n\t    \n                <div class=\"creative-button-inner\">\n\n                    \n                    <span class=\"cretive-button-text\">Acc\u00e9dez au site<\/span>\n\n                                    <\/div>\n\t                        <\/a>\n        <\/div>\n\t\t\t\t<\/div>\n\t\t\t\t<\/div>\n\t\t\t\t\t<\/div>\n\t\t<\/div>\n\t\t\t\t\t<\/div>\n\t\t<\/section>\n\t\t\t\t<\/div>\n\t\t","protected":false},"excerpt":{"rendered":"<p>Acc\u00e9dez au site<\/p>\n","protected":false},"author":1,"featured_media":46,"parent":0,"menu_order":0,"comment_status":"closed","ping_status":"closed","template":"elementor_canvas","meta":{"_monsterinsights_skip_tracking":false,"_monsterinsights_sitenote_active":false,"_monsterinsights_sitenote_note":"","_monsterinsights_sitenote_category":0,"footnotes":""},"class_list":["post-27572","page","type-page","status-publish","has-post-thumbnail","hentry"],"yoast_head":"<!-- This site is optimized with the Yoast SEO plugin v27.3 - https:\/\/yoast.com\/product\/yoast-seo-wordpress\/ -->\n<title>Black Road Limo<\/title>\n<meta name=\"description\" content=\"Black Road Limo, sp\u00e9cialiste du transport VIP, propose des services haut de gamme tout en offrant une exp\u00e9rience de luxe in\u00e9gal\u00e9e.\" \/>\n<meta name=\"robots\" content=\"index, follow, max-snippet:-1, max-image-preview:large, max-video-preview:-1\" \/>\n<link rel=\"canonical\" href=\"https:\/\/www.black-road.fr\/fr\/\" \/>\n<meta property=\"og:locale\" content=\"fr_FR\" \/>\n<meta property=\"og:type\" content=\"article\" \/>\n<meta property=\"og:title\" content=\"Black Road Limo\" \/>\n<meta property=\"og:description\" content=\"Black Road Limo, sp\u00e9cialiste du transport VIP, propose des services haut de gamme tout en offrant une exp\u00e9rience de luxe in\u00e9gal\u00e9e.\" \/>\n<meta property=\"og:url\" content=\"https:\/\/www.black-road.fr\/fr\/\" \/>\n<meta property=\"og:site_name\" content=\"Black Road Limo\" \/>\n<meta property=\"article:modified_time\" content=\"2024-10-09T21:56:55+00:00\" \/>\n<meta property=\"og:image\" content=\"https:\/\/mltb0kcyusoj.i.optimole.com\/w:auto\/h:auto\/q:mauto\/f:best\/ig:avif\/https:\/\/www.black-road.fr\/wp-content\/uploads\/2018\/04\/gallerie02.jpg\" \/>\n\t<meta property=\"og:image:width\" content=\"1275\" \/>\n\t<meta property=\"og:image:height\" content=\"850\" \/>\n\t<meta property=\"og:image:type\" content=\"image\/jpeg\" \/>\n<meta name=\"twitter:card\" content=\"summary_large_image\" \/>\n<meta name=\"twitter:label1\" content=\"Dur\u00e9e de lecture estim\u00e9e\" \/>\n\t<meta name=\"twitter:data1\" content=\"1 minute\" \/>\n<script type=\"application\/ld+json\" class=\"yoast-schema-graph\">{\"@context\":\"https:\\\/\\\/schema.org\",\"@graph\":[{\"@type\":\"WebPage\",\"@id\":\"https:\\\/\\\/www.black-road.fr\\\/fr\\\/\",\"url\":\"https:\\\/\\\/www.black-road.fr\\\/fr\\\/\",\"name\":\"Black Road Limo\",\"isPartOf\":{\"@id\":\"https:\\\/\\\/www.black-road.fr\\\/fr\\\/#website\"},\"primaryImageOfPage\":{\"@id\":\"https:\\\/\\\/www.black-road.fr\\\/fr\\\/#primaryimage\"},\"image\":{\"@id\":\"https:\\\/\\\/www.black-road.fr\\\/fr\\\/#primaryimage\"},\"thumbnailUrl\":\"https:\\/\\/www.black-road.fr\\/wp-content\\/uploads\\/2018\\/04\\/gallerie02.jpg\",\"datePublished\":\"2024-10-07T08:45:48+00:00\",\"dateModified\":\"2024-10-09T21:56:55+00:00\",\"description\":\"Black Road Limo, sp\u00e9cialiste du transport VIP, propose des services haut de gamme tout en offrant une exp\u00e9rience de luxe in\u00e9gal\u00e9e.\",\"breadcrumb\":{\"@id\":\"https:\\\/\\\/www.black-road.fr\\\/fr\\\/#breadcrumb\"},\"inLanguage\":\"fr-FR\",\"potentialAction\":[{\"@type\":\"ReadAction\",\"target\":[\"https:\\\/\\\/www.black-road.fr\\\/fr\\\/\"]}]},{\"@type\":\"ImageObject\",\"inLanguage\":\"fr-FR\",\"@id\":\"https:\\\/\\\/www.black-road.fr\\\/fr\\\/#primaryimage\",\"url\":\"https:\\/\\/www.black-road.fr\\/wp-content\\/uploads\\/2018\\/04\\/gallerie02.jpg\",\"contentUrl\":\"https:\\/\\/www.black-road.fr\\/wp-content\\/uploads\\/2018\\/04\\/gallerie02.jpg\",\"width\":1275,\"height\":850},{\"@type\":\"BreadcrumbList\",\"@id\":\"https:\\\/\\\/www.black-road.fr\\\/fr\\\/#breadcrumb\",\"itemListElement\":[{\"@type\":\"ListItem\",\"position\":1,\"name\":\"Accueil\",\"item\":\"https:\\\/\\\/www.black-road.fr\\\/fr\\\/\"},{\"@type\":\"ListItem\",\"position\":2,\"name\":\"Landing page\"}]},{\"@type\":\"WebSite\",\"@id\":\"https:\\\/\\\/www.black-road.fr\\\/fr\\\/#website\",\"url\":\"https:\\\/\\\/www.black-road.fr\\\/fr\\\/\",\"name\":\"Black Road Limo\",\"description\":\"Service de Chauffeurs Priv\u00e9s\",\"publisher\":{\"@id\":\"https:\\\/\\\/www.black-road.fr\\\/fr\\\/#organization\"},\"potentialAction\":[{\"@type\":\"SearchAction\",\"target\":{\"@type\":\"EntryPoint\",\"urlTemplate\":\"https:\\\/\\\/www.black-road.fr\\\/fr\\\/?s={search_term_string}\"},\"query-input\":{\"@type\":\"PropertyValueSpecification\",\"valueRequired\":true,\"valueName\":\"search_term_string\"}}],\"inLanguage\":\"fr-FR\"},{\"@type\":\"Organization\",\"@id\":\"https:\\\/\\\/www.black-road.fr\\\/fr\\\/#organization\",\"name\":\"Black Road Limo\",\"url\":\"https:\\\/\\\/www.black-road.fr\\\/fr\\\/\",\"logo\":{\"@type\":\"ImageObject\",\"inLanguage\":\"fr-FR\",\"@id\":\"https:\\\/\\\/www.black-road.fr\\\/fr\\\/#\\\/schema\\\/logo\\\/image\\\/\",\"url\":\"https:\\/\\/mltb0kcyusoj.i.optimole.com\\/w:auto\\/h:auto\\/q:mauto\\/ig:avif\\/https:\\/\\/www.black-road.fr\\/wp-content\\/uploads\\/2022\\/10\\/Logo-copie.png\",\"contentUrl\":\"https:\\/\\/mltb0kcyusoj.i.optimole.com\\/w:auto\\/h:auto\\/q:mauto\\/ig:avif\\/https:\\/\\/www.black-road.fr\\/wp-content\\/uploads\\/2022\\/10\\/Logo-copie.png\",\"width\":1414,\"height\":1559,\"caption\":\"Black Road Limo\"},\"image\":{\"@id\":\"https:\\\/\\\/www.black-road.fr\\\/fr\\\/#\\\/schema\\\/logo\\\/image\\\/\"}}]}<\/script>\n<!-- \/ Yoast SEO plugin. -->","yoast_head_json":{"title":"Black Road Limo","description":"Black Road Limo, sp\u00e9cialiste du transport VIP, propose des services haut de gamme tout en offrant une exp\u00e9rience de luxe in\u00e9gal\u00e9e.","robots":{"index":"index","follow":"follow","max-snippet":"max-snippet:-1","max-image-preview":"max-image-preview:large","max-video-preview":"max-video-preview:-1"},"canonical":"https:\/\/www.black-road.fr\/fr\/","og_locale":"fr_FR","og_type":"article","og_title":"Black Road Limo","og_description":"Black Road Limo, sp\u00e9cialiste du transport VIP, propose des services haut de gamme tout en offrant une exp\u00e9rience de luxe in\u00e9gal\u00e9e.","og_url":"https:\/\/www.black-road.fr\/fr\/","og_site_name":"Black Road Limo","article_modified_time":"2024-10-09T21:56:55+00:00","og_image":[{"width":1275,"height":850,"url":"https:\/\/mltb0kcyusoj.i.optimole.com\/w:auto\/h:auto\/q:mauto\/f:best\/ig:avif\/https:\/\/www.black-road.fr\/wp-content\/uploads\/2018\/04\/gallerie02.jpg","type":"image\/jpeg"}],"twitter_card":"summary_large_image","twitter_misc":{"Dur\u00e9e de lecture estim\u00e9e":"1 minute"},"schema":{"@context":"https:\/\/schema.org","@graph":[{"@type":"WebPage","@id":"https:\/\/www.black-road.fr\/fr\/","url":"https:\/\/www.black-road.fr\/fr\/","name":"Black Road Limo","isPartOf":{"@id":"https:\/\/www.black-road.fr\/fr\/#website"},"primaryImageOfPage":{"@id":"https:\/\/www.black-road.fr\/fr\/#primaryimage"},"image":{"@id":"https:\/\/www.black-road.fr\/fr\/#primaryimage"},"thumbnailUrl":"https:\/\/mltb0kcyusoj.i.optimole.com\/w:auto\/h:auto\/q:mauto\/f:best\/ig:avif\/https:\/\/www.black-road.fr\/wp-content\/uploads\/2018\/04\/gallerie02.jpg","datePublished":"2024-10-07T08:45:48+00:00","dateModified":"2024-10-09T21:56:55+00:00","description":"Black Road Limo, sp\u00e9cialiste du transport VIP, propose des services haut de gamme tout en offrant une exp\u00e9rience de luxe in\u00e9gal\u00e9e.","breadcrumb":{"@id":"https:\/\/www.black-road.fr\/fr\/#breadcrumb"},"inLanguage":"fr-FR","potentialAction":[{"@type":"ReadAction","target":["https:\/\/www.black-road.fr\/fr\/"]}]},{"@type":"ImageObject","inLanguage":"fr-FR","@id":"https:\/\/www.black-road.fr\/fr\/#primaryimage","url":"https:\/\/mltb0kcyusoj.i.optimole.com\/w:auto\/h:auto\/q:mauto\/f:best\/ig:avif\/https:\/\/www.black-road.fr\/wp-content\/uploads\/2018\/04\/gallerie02.jpg","contentUrl":"https:\/\/mltb0kcyusoj.i.optimole.com\/w:auto\/h:auto\/q:mauto\/f:best\/ig:avif\/https:\/\/www.black-road.fr\/wp-content\/uploads\/2018\/04\/gallerie02.jpg","width":1275,"height":850},{"@type":"BreadcrumbList","@id":"https:\/\/www.black-road.fr\/fr\/#breadcrumb","itemListElement":[{"@type":"ListItem","position":1,"name":"Accueil","item":"https:\/\/www.black-road.fr\/fr\/"},{"@type":"ListItem","position":2,"name":"Landing page"}]},{"@type":"WebSite","@id":"https:\/\/www.black-road.fr\/fr\/#website","url":"https:\/\/www.black-road.fr\/fr\/","name":"Black Road Limo","description":"Service de Chauffeurs Priv\u00e9s","publisher":{"@id":"https:\/\/www.black-road.fr\/fr\/#organization"},"potentialAction":[{"@type":"SearchAction","target":{"@type":"EntryPoint","urlTemplate":"https:\/\/www.black-road.fr\/fr\/?s={search_term_string}"},"query-input":{"@type":"PropertyValueSpecification","valueRequired":true,"valueName":"search_term_string"}}],"inLanguage":"fr-FR"},{"@type":"Organization","@id":"https:\/\/www.black-road.fr\/fr\/#organization","name":"Black Road Limo","url":"https:\/\/www.black-road.fr\/fr\/","logo":{"@type":"ImageObject","inLanguage":"fr-FR","@id":"https:\/\/www.black-road.fr\/fr\/#\/schema\/logo\/image\/","url":"https:\/\/mltb0kcyusoj.i.optimole.com\/w:auto\/h:auto\/q:mauto\/ig:avif\/https:\/\/www.black-road.fr\/wp-content\/uploads\/2022\/10\/Logo-copie.png","contentUrl":"https:\/\/mltb0kcyusoj.i.optimole.com\/w:auto\/h:auto\/q:mauto\/ig:avif\/https:\/\/www.black-road.fr\/wp-content\/uploads\/2022\/10\/Logo-copie.png","width":1414,"height":1559,"caption":"Black Road Limo"},"image":{"@id":"https:\/\/www.black-road.fr\/fr\/#\/schema\/logo\/image\/"}}]}},"_links":{"self":[{"href":"https:\/\/www.black-road.fr\/fr\/wp-json\/wp\/v2\/pages\/27572","targetHints":{"allow":["GET"]}}],"collection":[{"href":"https:\/\/www.black-road.fr\/fr\/wp-json\/wp\/v2\/pages"}],"about":[{"href":"https:\/\/www.black-road.fr\/fr\/wp-json\/wp\/v2\/types\/page"}],"author":[{"embeddable":true,"href":"https:\/\/www.black-road.fr\/fr\/wp-json\/wp\/v2\/users\/1"}],"replies":[{"embeddable":true,"href":"https:\/\/www.black-road.fr\/fr\/wp-json\/wp\/v2\/comments?post=27572"}],"version-history":[{"count":223,"href":"https:\/\/www.black-road.fr\/fr\/wp-json\/wp\/v2\/pages\/27572\/revisions"}],"predecessor-version":[{"id":27823,"href":"https:\/\/www.black-road.fr\/fr\/wp-json\/wp\/v2\/pages\/27572\/revisions\/27823"}],"wp:featuredmedia":[{"embeddable":true,"href":"https:\/\/www.black-road.fr\/fr\/wp-json\/wp\/v2\/media\/46"}],"wp:attachment":[{"href":"https:\/\/www.black-road.fr\/fr\/wp-json\/wp\/v2\/media?parent=27572"}],"curies":[{"name":"wp","href":"https:\/\/api.w.org\/{rel}","templated":true}]}}